{"id":5162,"date":"2024-07-05T10:58:59","date_gmt":"2024-07-05T08:58:59","guid":{"rendered":"https:\/\/agvpersonal.de\/dokumenty\/"},"modified":"2024-08-19T12:27:05","modified_gmt":"2024-08-19T10:27:05","slug":"dokumenty","status":"publish","type":"page","link":"https:\/\/agvpersonal.de\/cs\/dokumenty\/","title":{"rendered":"Dokumenty"},"content":{"rendered":"","protected":true},"excerpt":{"rendered":"","protected":true},"author":3,"featured_media":0,"parent":0,"menu_order":0,"comment_status":"closed","ping_status":"closed","template":"100-width.php","meta":{"inline_featured_image":false,"footnotes":""},"categories":[],"tags":[],"class_list":["post-5162","page","type-page","status-publish","post-password-required","hentry"],"yoast_head":"<!-- This site is optimized with the Yoast SEO plugin v27.1.1 - https:\/\/yoast.com\/product\/yoast-seo-wordpress\/ -->\n<title>Dokumenty - AGV Personal GmbH &amp; Co. KG<\/title>\n<meta name=\"robots\" content=\"index, follow, max-snippet:-1, max-image-preview:large, max-video-preview:-1\" \/>\n<link rel=\"canonical\" href=\"https:\/\/agvpersonal.de\/cs\/dokumenty\/\" \/>\n<meta property=\"og:locale\" content=\"cs_CZ\" \/>\n<meta property=\"og:type\" content=\"article\" \/>\n<meta property=\"og:title\" content=\"Dokumenty - AGV Personal GmbH &amp; Co. KG\" \/>\n<meta property=\"og:description\" content=\"Stru\u010dn\u00fd obsah p\u0159\u00edsp\u011bvku zde nen\u00ed uveden, proto\u017ee je tento p\u0159\u00edsp\u011bvek chr\u00e1n\u011bn heslem.\" \/>\n<meta property=\"og:url\" content=\"https:\/\/agvpersonal.de\/cs\/dokumenty\/\" \/>\n<meta property=\"og:site_name\" content=\"AGV Personal GmbH &amp; Co. KG\" \/>\n<meta property=\"article:modified_time\" content=\"2024-08-19T10:27:05+00:00\" \/>\n<meta name=\"twitter:card\" content=\"summary_large_image\" \/>\n<meta name=\"twitter:label1\" content=\"Odhadovan\u00e1 doba \u010dten\u00ed\" \/>\n\t<meta name=\"twitter:data1\" content=\"81 minut\" \/>\n<script type=\"application\/ld+json\" class=\"yoast-schema-graph\">{\"@context\":\"https:\/\/schema.org\",\"@graph\":[{\"@type\":\"WebPage\",\"@id\":\"https:\/\/agvpersonal.de\/cs\/dokumenty\/\",\"url\":\"https:\/\/agvpersonal.de\/cs\/dokumenty\/\",\"name\":\"Dokumenty - AGV Personal GmbH &amp; Co. KG\",\"isPartOf\":{\"@id\":\"https:\/\/agvpersonal.de\/cs\/#website\"},\"datePublished\":\"2024-07-05T08:58:59+00:00\",\"dateModified\":\"2024-08-19T10:27:05+00:00\",\"breadcrumb\":{\"@id\":\"https:\/\/agvpersonal.de\/cs\/dokumenty\/#breadcrumb\"},\"inLanguage\":\"cs\"},{\"@type\":\"WebSite\",\"@id\":\"https:\/\/agvpersonal.de\/cs\/#website\",\"url\":\"https:\/\/agvpersonal.de\/cs\/\",\"name\":\"AGV Personal GmbH &amp; Co. KG\",\"description\":\"\",\"potentialAction\":[{\"@type\":\"SearchAction\",\"target\":{\"@type\":\"EntryPoint\",\"urlTemplate\":\"https:\/\/agvpersonal.de\/cs\/?s={search_term_string}\"},\"query-input\":{\"@type\":\"PropertyValueSpecification\",\"valueRequired\":true,\"valueName\":\"search_term_string\"}}],\"inLanguage\":\"cs\"}]}<\/script>\n<!-- \/ Yoast SEO plugin. -->","yoast_head_json":{"title":"Dokumenty - AGV Personal GmbH &amp; Co. KG","robots":{"index":"index","follow":"follow","max-snippet":"max-snippet:-1","max-image-preview":"max-image-preview:large","max-video-preview":"max-video-preview:-1"},"canonical":"https:\/\/agvpersonal.de\/cs\/dokumenty\/","og_locale":"cs_CZ","og_type":"article","og_title":"Dokumenty - AGV Personal GmbH &amp; Co. KG","og_description":"Stru\u010dn\u00fd obsah p\u0159\u00edsp\u011bvku zde nen\u00ed uveden, proto\u017ee je tento p\u0159\u00edsp\u011bvek chr\u00e1n\u011bn heslem.","og_url":"https:\/\/agvpersonal.de\/cs\/dokumenty\/","og_site_name":"AGV Personal GmbH &amp; Co. KG","article_modified_time":"2024-08-19T10:27:05+00:00","twitter_card":"summary_large_image","twitter_misc":{"Odhadovan\u00e1 doba \u010dten\u00ed":"81 minut"},"schema":{"@context":"https:\/\/schema.org","@graph":[{"@type":"WebPage","@id":"https:\/\/agvpersonal.de\/cs\/dokumenty\/","url":"https:\/\/agvpersonal.de\/cs\/dokumenty\/","name":"Dokumenty - AGV Personal GmbH &amp; Co. KG","isPartOf":{"@id":"https:\/\/agvpersonal.de\/cs\/#website"},"datePublished":"2024-07-05T08:58:59+00:00","dateModified":"2024-08-19T10:27:05+00:00","breadcrumb":{"@id":"https:\/\/agvpersonal.de\/cs\/dokumenty\/#breadcrumb"},"inLanguage":"cs"},{"@type":"WebSite","@id":"https:\/\/agvpersonal.de\/cs\/#website","url":"https:\/\/agvpersonal.de\/cs\/","name":"AGV Personal GmbH &amp; Co. KG","description":"","potentialAction":[{"@type":"SearchAction","target":{"@type":"EntryPoint","urlTemplate":"https:\/\/agvpersonal.de\/cs\/?s={search_term_string}"},"query-input":{"@type":"PropertyValueSpecification","valueRequired":true,"valueName":"search_term_string"}}],"inLanguage":"cs"}]}},"_links":{"self":[{"href":"https:\/\/agvpersonal.de\/cs\/wp-json\/wp\/v2\/pages\/5162","targetHints":{"allow":["GET"]}}],"collection":[{"href":"https:\/\/agvpersonal.de\/cs\/wp-json\/wp\/v2\/pages"}],"about":[{"href":"https:\/\/agvpersonal.de\/cs\/wp-json\/wp\/v2\/types\/page"}],"author":[{"embeddable":true,"href":"https:\/\/agvpersonal.de\/cs\/wp-json\/wp\/v2\/users\/3"}],"replies":[{"embeddable":true,"href":"https:\/\/agvpersonal.de\/cs\/wp-json\/wp\/v2\/comments?post=5162"}],"version-history":[{"count":2,"href":"https:\/\/agvpersonal.de\/cs\/wp-json\/wp\/v2\/pages\/5162\/revisions"}],"predecessor-version":[{"id":5164,"href":"https:\/\/agvpersonal.de\/cs\/wp-json\/wp\/v2\/pages\/5162\/revisions\/5164"}],"wp:attachment":[{"href":"https:\/\/agvpersonal.de\/cs\/wp-json\/wp\/v2\/media?parent=5162"}],"wp:term":[{"taxonomy":"category","embeddable":true,"href":"https:\/\/agvpersonal.de\/cs\/wp-json\/wp\/v2\/categories?post=5162"},{"taxonomy":"post_tag","embeddable":true,"href":"https:\/\/agvpersonal.de\/cs\/wp-json\/wp\/v2\/tags?post=5162"}],"curies":[{"name":"wp","href":"https:\/\/api.w.org\/{rel}","templated":true}]}}